{"id":26,"date":"2023-05-11T10:26:57","date_gmt":"2023-05-11T09:26:57","guid":{"rendered":"https:\/\/sedbit.info\/?page_id=26"},"modified":"2024-02-08T08:33:05","modified_gmt":"2024-02-08T08:33:05","slug":"26-2","status":"publish","type":"page","link":"https:\/\/sedbit.info\/","title":{"rendered":""},"content":{"rendered":"\n<figure class=\"wp-block-image size-full headerImage headerTopImage\"><img loading=\"lazy\" decoding=\"async\" width=\"1015\" height=\"25\" src=\"https:\/\/sedbit.info\/wp-content\/uploads\/2023\/05\/topHeader.gif\" alt=\"*.sedbit.info\" class=\"wp-image-29\"\/><\/figure>\n\n\n\n<figure class=\"wp-block-image size-full is-resized headerImage\"><img loading=\"lazy\" decoding=\"async\" src=\"https:\/\/sedbit.info\/wp-content\/uploads\/2023\/05\/header.gif\" alt=\"*.sedbit.info\" class=\"wp-image-30\" width=\"466\" height=\"65\"\/><\/figure>\n\n\n\n<div class=\"wp-block-group is-nowrap is-layout-flex wp-container-core-group-is-layout-ad2f72ca wp-block-group-is-layout-flex\">\n<div class=\"wp-block-columns are-vertically-aligned-top is-layout-flex wp-container-core-columns-is-layout-9d6595d7 wp-block-columns-is-layout-flex\">\n<div class=\"wp-block-column is-vertically-aligned-top is-layout-flow wp-block-column-is-layout-flow\" style=\"flex-basis:320px\">\n<figure class=\"wp-block-image size-full\"><img loading=\"lazy\" decoding=\"async\" width=\"320\" height=\"244\" src=\"https:\/\/sedbit.info\/wp-content\/uploads\/2024\/02\/trail-events-screen.png\" alt=\"\" class=\"wp-image-57\" srcset=\"https:\/\/sedbit.info\/wp-content\/uploads\/2024\/02\/trail-events-screen.png 320w, https:\/\/sedbit.info\/wp-content\/uploads\/2024\/02\/trail-events-screen-300x229.png 300w\" sizes=\"auto, (max-width: 320px) 100vw, 320px\" \/><\/figure>\n<\/div>\n\n\n\n<div class=\"wp-block-column is-vertically-aligned-top is-layout-flow wp-block-column-is-layout-flow\">\n<p class=\"has-small-font-size\"><a href=\"http:\/\/trail-events.sedbit.info\">[en] <strong>Trail Running Events<\/strong><\/a><br><a href=\"http:\/\/trail-events.sedbit.info\">[hu] <strong>Trail Fut\u00f3versenyek<\/strong><\/a><br><a href=\"http:\/\/lingua.sedbit.com\/?l=ro\">[ro] <strong>Evenimente alergare trail<\/strong><\/a><\/p>\n<\/div>\n<\/div>\n<\/div>\n\n\n\n<div class=\"wp-block-group is-nowrap is-layout-flex wp-container-core-group-is-layout-ad2f72ca wp-block-group-is-layout-flex\">\n<div class=\"wp-block-columns are-vertically-aligned-top is-layout-flex wp-container-core-columns-is-layout-9d6595d7 wp-block-columns-is-layout-flex\">\n<div class=\"wp-block-column is-vertically-aligned-top is-layout-flow wp-block-column-is-layout-flow\" style=\"flex-basis:320px\">\n<figure class=\"wp-block-image size-full is-resized\"><img loading=\"lazy\" decoding=\"async\" src=\"https:\/\/sedbit.info\/wp-content\/uploads\/2023\/05\/lingua.gif\" alt=\"\" class=\"wp-image-51\" width=\"320\" height=\"271\"\/><\/figure>\n<\/div>\n\n\n\n<div class=\"wp-block-column is-vertically-aligned-top is-layout-flow wp-block-column-is-layout-flow\">\n<p class=\"has-small-font-size\"><a href=\"http:\/\/lingua.sedbit.com\/?l=en\">[en] <strong>Translation services.<\/strong> Szab\u00f3-Demeter \u00c9va freelance translator`s page<\/a><br>[fr] <strong>Services de traduction.<\/strong> Page du traductrice Szab\u00f3-Demeter \u00c9va. Accessible en: <a href=\"http:\/\/lingua.sedbit.com\/?l=en\">[en]<\/a><a href=\"http:\/\/lingua.sedbit.com\/?l=hu\">[hu]<\/a><a href=\"http:\/\/lingua.sedbit.com\/?l=ro\">[ro]<\/a><br><a href=\"http:\/\/lingua.sedbit.com\/?l=hu\">[hu] <strong>Ford\u00edt\u00e1si szolg\u00e1ltat\u00e1sok.<\/strong> Szab\u00f3-Demeter \u00c9va ford\u00edt\u00f3 oldala<\/a><br><a href=\"http:\/\/lingua.sedbit.com\/?l=ro\">[ro] <strong>Servicii de traducere.<\/strong> Pagina web a traduc\u0103toarei Szab\u00f3-Demeter \u00c9va<\/a><\/p>\n<\/div>\n<\/div>\n<\/div>\n","protected":false},"excerpt":{"rendered":"<p>[en] Trail Running Events[hu] Trail Fut\u00f3versenyek[ro] Evenimente alergare trail [en] Translation services. Szab\u00f3-Demeter \u00c9va freelance translator`s page[fr] Services de traduction. Page du traductrice Szab\u00f3-Demeter \u00c9va. Accessible en: [en][hu][ro][hu] Ford\u00edt\u00e1si szolg\u00e1ltat\u00e1sok. Szab\u00f3-Demeter \u00c9va ford\u00edt\u00f3 oldala[ro] Servicii de traducere. Pagina web a traduc\u0103toarei Szab\u00f3-Demeter \u00c9va<\/p>\n","protected":false},"author":1,"featured_media":0,"parent":0,"menu_order":0,"comment_status":"closed","ping_status":"closed","template":"","meta":{"footnotes":""},"class_list":["post-26","page","type-page","status-publish","hentry"],"_links":{"self":[{"href":"https:\/\/sedbit.info\/index.php?rest_route=\/wp\/v2\/pages\/26","targetHints":{"allow":["GET"]}}],"collection":[{"href":"https:\/\/sedbit.info\/index.php?rest_route=\/wp\/v2\/pages"}],"about":[{"href":"https:\/\/sedbit.info\/index.php?rest_route=\/wp\/v2\/types\/page"}],"author":[{"embeddable":true,"href":"https:\/\/sedbit.info\/index.php?rest_route=\/wp\/v2\/users\/1"}],"replies":[{"embeddable":true,"href":"https:\/\/sedbit.info\/index.php?rest_route=%2Fwp%2Fv2%2Fcomments&post=26"}],"version-history":[{"count":11,"href":"https:\/\/sedbit.info\/index.php?rest_route=\/wp\/v2\/pages\/26\/revisions"}],"predecessor-version":[{"id":58,"href":"https:\/\/sedbit.info\/index.php?rest_route=\/wp\/v2\/pages\/26\/revisions\/58"}],"wp:attachment":[{"href":"https:\/\/sedbit.info\/index.php?rest_route=%2Fwp%2Fv2%2Fmedia&parent=26"}],"curies":[{"name":"wp","href":"https:\/\/api.w.org\/{rel}","templated":true}]}}